{"id":790,"date":"2025-04-14T06:50:44","date_gmt":"2025-04-14T04:50:44","guid":{"rendered":"https:\/\/www.villalapietra.net\/levanto-et-les-cinque-terre\/"},"modified":"2025-05-20T12:55:27","modified_gmt":"2025-05-20T10:55:27","slug":"levanto-et-les-cinque-terre","status":"publish","type":"page","link":"https:\/\/www.villalapietra.net\/fr\/levanto-et-les-cinque-terre\/","title":{"rendered":"Levanto et les Cinque Terre"},"content":{"rendered":"<div class=\"wpb-content-wrapper\">[vc_row full_width=\u00a0\u00bbstretch_row\u00a0\u00bb full_height=\u00a0\u00bbyes\u00a0\u00bb columns_placement=\u00a0\u00bbtop\u00a0\u00bb css=\u00a0\u00bb.vc_custom_1746511885450{background-image: url(https:\/\/www.villalapietra.net\/wp-content\/uploads\/2025\/05\/cinque-terre.jpg?id=470) !important;background-position: center !important;background-repeat: no-repeat !important;background-size: cover !important;}\u00a0\u00bb el_class=\u00a0\u00bbptd150 ptm50 pbd150 pbm50&Prime; wpex_bg_overlay=\u00a0\u00bbcolor\u00a0\u00bb wpex_bg_overlay_color=\u00a0\u00bb#000000&Prime; wpex_bg_overlay_opacity=\u00a0\u00bb40&Prime;][vc_column css_animation=\u00a0\u00bbnone\u00a0\u00bb][vc_row_inner el_class=\u00a0\u00bbplrm_inner_10&Prime;][vc_column_inner width=\u00a0\u00bb1\/2&Prime;][vc_column_text css_animation=\u00a0\u00bbfadeInUp\u00a0\u00bb css=\u00a0\u00bb\u00a0\u00bb]\n<h1>Levanto et les Cinque terre<\/h1>\n<p>&nbsp;[\/vc_column_text][\/vc_column_inner][vc_column_inner width=\u00a0\u00bb1\/2&Prime;][\/vc_column_inner][\/vc_row_inner][\/vc_column][\/vc_row][vc_row full_width=\u00a0\u00bbstretch_row\u00a0\u00bb full_height=\u00a0\u00bbyes\u00a0\u00bb columns_placement=\u00a0\u00bbtop\u00a0\u00bb css=\u00a0\u00bb.vc_custom_1746442239449{background-color: #3793A3 !important;}\u00a0\u00bb el_class=\u00a0\u00bbptd150 ptm50 pbd150 pbm50 plrm_inner_10&Prime;][vc_column width=\u00a0\u00bb1\/2&Prime;][vc_single_image image=\u00a0\u00bb469&Prime; css=\u00a0\u00bb\u00a0\u00bb][\/vc_column][vc_column css_animation=\u00a0\u00bbnone\u00a0\u00bb width=\u00a0\u00bb1\/2&Prime;][vc_column_text css_animation=\u00a0\u00bbfadeInUp\u00a0\u00bb css=\u00a0\u00bb\u00a0\u00bb]\n<h1>Levanto<\/h1>\n<p>&nbsp;[\/vc_column_text][vc_column_text css_animation=\u00a0\u00bbfadeInUp\u00a0\u00bb css=\u00a0\u00bb.vc_custom_1746441708063{margin-top: 35px !important;}\u00a0\u00bb color=\u00a0\u00bbon-accent\u00a0\u00bb]\n<p data-start=\"2623\" data-end=\"2957\"><span class=\"_fadeIn_m1hgl_8\">Levanto <\/span><span class=\"_fadeIn_m1hgl_8\">est <\/span><span class=\"_fadeIn_m1hgl_8\">une <\/span><span class=\"_fadeIn_m1hgl_8\">ville <\/span><span class=\"_fadeIn_m1hgl_8\">plus <\/span><span class=\"_fadeIn_m1hgl_8\">grande <\/span><span class=\"_fadeIn_m1hgl_8\">et <\/span><span class=\"_fadeIn_m1hgl_8\">plus <\/span><span class=\"_fadeIn_m1hgl_8\">anim\u00e9e <\/span><span class=\"_fadeIn_m1hgl_8\">que <\/span><span class=\"_fadeIn_m1hgl_8\">les <\/span><span class=\"_fadeIn_m1hgl_8\">villages <\/span><span class=\"_fadeIn_m1hgl_8\">des <\/span><span class=\"_fadeIn_m1hgl_8\">Cinque <\/span><span class=\"_fadeIn_m1hgl_8\">Terre <\/span><span class=\"_fadeIn_m1hgl_8\">et <\/span><span class=\"_fadeIn_m1hgl_8\">constitue <\/span><span class=\"_fadeIn_m1hgl_8\">une <\/span><span class=\"_fadeIn_m1hgl_8\">meilleure <\/span><span class=\"_fadeIn_m1hgl_8\">base <\/span><span class=\"_fadeIn_m1hgl_8\">pour <\/span><span class=\"_fadeIn_m1hgl_8\">les <\/span><span class=\"_fadeIn_m1hgl_8\">voyageurs. <\/span><span class=\"_fadeIn_m1hgl_8\">Vous <\/span><span class=\"_fadeIn_m1hgl_8\">pouvez <\/span><span class=\"_fadeIn_m1hgl_8\">facilement <\/span><span class=\"_fadeIn_m1hgl_8\">entrer <\/span><span class=\"_fadeIn_m1hgl_8\">et <\/span><span class=\"_fadeIn_m1hgl_8\">sortir <\/span><span class=\"_fadeIn_m1hgl_8\">de <\/span><span class=\"_fadeIn_m1hgl_8\">Levanto <\/span><span class=\"_fadeIn_m1hgl_8\">en <\/span><span class=\"_fadeIn_m1hgl_8\">voiture <\/span><span class=\"_fadeIn_m1hgl_8\">et <\/span><span class=\"_fadeIn_m1hgl_8\">vous <\/span><span class=\"_fadeIn_m1hgl_8\">\u00eates <\/span><strong><span class=\"_fadeIn_m1hgl_8\">reli\u00e9 <\/span><span class=\"_fadeIn_m1hgl_8\">aux <\/span><span class=\"_fadeIn_m1hgl_8\">villages <\/span><span class=\"_fadeIn_m1hgl_8\">des <\/span><span class=\"_fadeIn_m1hgl_8\">Cinque <\/span><span class=\"_fadeIn_m1hgl_8\">Terre <\/span><\/strong><span class=\"_fadeIn_m1hgl_8\">par <\/span><span class=\"_fadeIn_m1hgl_8\">train. <\/span><span class=\"_fadeIn_m1hgl_8\">Vous <\/span><span class=\"_fadeIn_m1hgl_8\">pouvez <\/span><span class=\"_fadeIn_m1hgl_8\">aussi <\/span><span class=\"_fadeIn_m1hgl_8\">rejoindre <\/span><span class=\"_fadeIn_m1hgl_8\">de <\/span><span class=\"_fadeIn_m1hgl_8\">nombreuses <\/span><span class=\"_fadeIn_m1hgl_8\">autres <\/span><span class=\"_fadeIn_m1hgl_8\">villes <\/span><span class=\"_fadeIn_m1hgl_8\">liguriennes <\/span><span class=\"_fadeIn_m1hgl_8\">en <\/span><span class=\"_fadeIn_m1hgl_8\">train.<\/span><\/p>\n<p><\/p>\n<p data-start=\"2959\" data-end=\"3376\"><span class=\"_fadeIn_m1hgl_8\">\u00c0 <\/span><span class=\"_fadeIn_m1hgl_8\">Levanto <\/span><span class=\"_fadeIn_m1hgl_8\">il <\/span><span class=\"_fadeIn_m1hgl_8\">y <\/span><span class=\"_fadeIn_m1hgl_8\">a <\/span><span class=\"_fadeIn_m1hgl_8\">plus <\/span><span class=\"_fadeIn_m1hgl_8\">de <\/span><span class=\"_fadeIn_m1hgl_8\">quinze <\/span><strong><span class=\"_fadeIn_m1hgl_8\">restaurants <\/span><span class=\"_fadeIn_m1hgl_8\">de <\/span><span class=\"_fadeIn_m1hgl_8\">haute <\/span><span class=\"_fadeIn_m1hgl_8\">qualit\u00e9 <\/span><span class=\"_fadeIn_m1hgl_8\">et <\/span><span class=\"_fadeIn_m1hgl_8\">de <\/span><span class=\"_fadeIn_m1hgl_8\">nombreux <\/span><\/strong><span class=\"_fadeIn_m1hgl_8\"><strong>magasins<\/strong>. <\/span><span class=\"_fadeIn_m1hgl_8\">Notre <\/span><span class=\"_fadeIn_m1hgl_8\">place <\/span><span class=\"_fadeIn_m1hgl_8\">accueille <\/span><span class=\"_fadeIn_m1hgl_8\">un <\/span><span class=\"_fadeIn_m1hgl_8\">march\u00e9 <\/span><span class=\"_fadeIn_m1hgl_8\">hebdomadaire <\/span><span class=\"_fadeIn_m1hgl_8\">en <\/span><span class=\"_fadeIn_m1hgl_8\">plein <\/span><span class=\"_fadeIn_m1hgl_8\">air <\/span><span class=\"_fadeIn_m1hgl_8\">fr\u00e9quent\u00e9 <\/span><span class=\"_fadeIn_m1hgl_8\">par <\/span><span class=\"_fadeIn_m1hgl_8\">des <\/span><span class=\"_fadeIn_m1hgl_8\">gens <\/span><span class=\"_fadeIn_m1hgl_8\">venus <\/span><span class=\"_fadeIn_m1hgl_8\">de <\/span><span class=\"_fadeIn_m1hgl_8\">pr\u00e8s <\/span><span class=\"_fadeIn_m1hgl_8\">et <\/span><span class=\"_fadeIn_m1hgl_8\">de <\/span><span class=\"_fadeIn_m1hgl_8\">loin. <\/span><span class=\"_fadeIn_m1hgl_8\">La <\/span><span class=\"_fadeIn_m1hgl_8\">population <\/span><span class=\"_fadeIn_m1hgl_8\">de <\/span><span class=\"_fadeIn_m1hgl_8\">Levanto <\/span><span class=\"_fadeIn_m1hgl_8\">est <\/span><span class=\"_fadeIn_m1hgl_8\">d\u2019environ <\/span><span class=\"_fadeIn_m1hgl_8\">5 <\/span><span class=\"_fadeIn_m1hgl_8\">000. <\/span><span class=\"_fadeIn_m1hgl_8\">Comme <\/span><span class=\"_fadeIn_m1hgl_8\">il <\/span><span class=\"_fadeIn_m1hgl_8\">n\u2019y <\/span><span class=\"_fadeIn_m1hgl_8\">a <\/span><span class=\"_fadeIn_m1hgl_8\">que <\/span><span class=\"_fadeIn_m1hgl_8\">quelques <\/span><span class=\"_fadeIn_m1hgl_8\">centaines <\/span><span class=\"_fadeIn_m1hgl_8\">de <\/span><span class=\"_fadeIn_m1hgl_8\">chambres <\/span><span class=\"_fadeIn_m1hgl_8\">disponibles <\/span><span class=\"_fadeIn_m1hgl_8\">pour <\/span><span class=\"_fadeIn_m1hgl_8\">les <\/span><span class=\"_fadeIn_m1hgl_8\">touristes, <\/span><span class=\"_fadeIn_m1hgl_8\">Levanto <\/span><span class=\"_fadeIn_m1hgl_8\">ne <\/span><span class=\"_fadeIn_m1hgl_8\">perd <\/span><span class=\"_fadeIn_m1hgl_8\">jamais <\/span><span class=\"_fadeIn_m1hgl_8\">son <\/span><span class=\"_fadeIn_m1hgl_8\">charme <\/span><span class=\"_fadeIn_m1hgl_8\">et <\/span><span class=\"_fadeIn_m1hgl_8\">son <\/span><span class=\"_fadeIn_m1hgl_8\">intimit\u00e9, <\/span><span class=\"_fadeIn_m1hgl_8\">peu <\/span><span class=\"_fadeIn_m1hgl_8\">importe <\/span><span class=\"_fadeIn_m1hgl_8\">quand <\/span><span class=\"_fadeIn_m1hgl_8\">vous <\/span><span class=\"_fadeIn_m1hgl_8\">choisissez <\/span><span class=\"_fadeIn_m1hgl_8\">de <\/span><span class=\"_fadeIn_m1hgl_8\">visiter.<\/span><\/p>\n<p><\/p>\n<p data-start=\"3378\" data-end=\"3525\"><span class=\"_fadeIn_m1hgl_8\">Levanto <\/span><span class=\"_fadeIn_m1hgl_8\">offre <\/span><span class=\"_fadeIn_m1hgl_8\">des <\/span><span class=\"_fadeIn_m1hgl_8\">ch\u00e2teaux, <\/span><span class=\"_fadeIn_m1hgl_8\">des <\/span><span class=\"_fadeIn_m1hgl_8\">jardins <\/span><span class=\"_fadeIn_m1hgl_8\">publics <\/span><span class=\"_fadeIn_m1hgl_8\">et <\/span><span class=\"_fadeIn_m1hgl_8\">une <\/span><span class=\"_fadeIn_m1hgl_8\">architecture <\/span><span class=\"_fadeIn_m1hgl_8\">incroyable. <\/span><span class=\"_fadeIn_m1hgl_8\">Les <\/span><span class=\"_fadeIn_m1hgl_8\">\u00e9glises <\/span><span class=\"_fadeIn_m1hgl_8\">historiques <\/span><span class=\"_fadeIn_m1hgl_8\">sonnent <\/span><span class=\"_fadeIn_m1hgl_8\">leurs <\/span><span class=\"_fadeIn_m1hgl_8\">cloches <\/span><span class=\"_fadeIn_m1hgl_8\">pour <\/span><span class=\"_fadeIn_m1hgl_8\">marquer <\/span><span class=\"_fadeIn_m1hgl_8\">l\u2019heure.<\/span><\/p>\n<p><\/p>\n<p data-start=\"3527\" data-end=\"3870\"><span class=\"_fadeIn_m1hgl_8\">Il <\/span><span class=\"_fadeIn_m1hgl_8\">y <\/span><span class=\"_fadeIn_m1hgl_8\">a <\/span><span class=\"_fadeIn_m1hgl_8\">de <\/span><span class=\"_fadeIn_m1hgl_8\">nombreuses <\/span><strong><span class=\"_fadeIn_m1hgl_8\">activit\u00e9s <\/span><span class=\"_fadeIn_m1hgl_8\">de <\/span><span class=\"_fadeIn_m1hgl_8\">plein <\/span><span class=\"_fadeIn_m1hgl_8\">air <\/span><\/strong><span class=\"_fadeIn_m1hgl_8\">disponibles : <\/span><span class=\"_fadeIn_m1hgl_8\">tennis, <\/span><span class=\"_fadeIn_m1hgl_8\">plong\u00e9e <\/span><span class=\"_fadeIn_m1hgl_8\">sous-<\/span><span class=\"_fadeIn_m1hgl_8\">marine, <\/span><span class=\"_fadeIn_m1hgl_8\">surf, <\/span><span class=\"_fadeIn_m1hgl_8\">location <\/span><span class=\"_fadeIn_m1hgl_8\">de <\/span><span class=\"_fadeIn_m1hgl_8\">v\u00e9los, <\/span><span class=\"_fadeIn_m1hgl_8\">p\u00e9dalos. <\/span><span class=\"_fadeIn_m1hgl_8\">Levanto <\/span><span class=\"_fadeIn_m1hgl_8\">poss\u00e8de <\/span><span class=\"_fadeIn_m1hgl_8\">des <\/span><span class=\"_fadeIn_m1hgl_8\">plages <\/span><span class=\"_fadeIn_m1hgl_8\">de <\/span><span class=\"_fadeIn_m1hgl_8\">sable <\/span><span class=\"_fadeIn_m1hgl_8\">et <\/span><span class=\"_fadeIn_m1hgl_8\">une <\/span><span class=\"_fadeIn_m1hgl_8\">piscine (<\/span><span class=\"_fadeIn_m1hgl_8\">qui <\/span><span class=\"_fadeIn_m1hgl_8\">surplombe <\/span><span class=\"_fadeIn_m1hgl_8\">la <\/span><span class=\"_fadeIn_m1hgl_8\">M\u00e9diterran\u00e9e <\/span><span class=\"_fadeIn_m1hgl_8\">pour <\/span><span class=\"_fadeIn_m1hgl_8\">les <\/span><span class=\"_fadeIn_m1hgl_8\">amateurs <\/span><span class=\"_fadeIn_m1hgl_8\">de <\/span><span class=\"_fadeIn_m1hgl_8\">soleil). <\/span><span class=\"_fadeIn_m1hgl_8\">Vous <\/span><span class=\"_fadeIn_m1hgl_8\">pouvez <\/span><span class=\"_fadeIn_m1hgl_8\">faire <\/span><span class=\"_fadeIn_m1hgl_8\">des <\/span><span class=\"_fadeIn_m1hgl_8\">promenades <\/span><span class=\"_fadeIn_m1hgl_8\">ou <\/span><span class=\"_fadeIn_m1hgl_8\">des <\/span><span class=\"_fadeIn_m1hgl_8\">randonn\u00e9es <\/span><span class=\"_fadeIn_m1hgl_8\">dans <\/span><span class=\"_fadeIn_m1hgl_8\">nos <\/span><span class=\"_fadeIn_m1hgl_8\">magnifiques <\/span><span class=\"_fadeIn_m1hgl_8\">montagnes <\/span><span class=\"_fadeIn_m1hgl_8\">directement <\/span><span class=\"_fadeIn_m1hgl_8\">depuis <\/span><span class=\"_fadeIn_m1hgl_8\">la <\/span><span class=\"_fadeIn_m1hgl_8\">ville.<\/span><\/p>\n<p><\/p>\n<p data-start=\"3872\" data-end=\"4033\"><span class=\"_fadeIn_m1hgl_8\">Avec <\/span><span class=\"_fadeIn_m1hgl_8\">tout <\/span><span class=\"_fadeIn_m1hgl_8\">cela <\/span><span class=\"_fadeIn_m1hgl_8\">\u00e0 <\/span><span class=\"_fadeIn_m1hgl_8\">offrir, <\/span><span class=\"_fadeIn_m1hgl_8\">Levanto <\/span><span class=\"_fadeIn_m1hgl_8\">garde <\/span><span class=\"_fadeIn_m1hgl_8\">encore <\/span><span class=\"_fadeIn_m1hgl_8\">un <\/span><span class=\"_fadeIn_m1hgl_8\">rythme <\/span><span class=\"_fadeIn_m1hgl_8\">lent <\/span><span class=\"_fadeIn_m1hgl_8\">et <\/span><span class=\"_fadeIn_m1hgl_8\">peu <\/span><span class=\"_fadeIn_m1hgl_8\">de <\/span><span class=\"_fadeIn_m1hgl_8\">gens <\/span><span class=\"_fadeIn_m1hgl_8\">sont <\/span><span class=\"_fadeIn_m1hgl_8\">press\u00e9s <\/span><span class=\"_fadeIn_m1hgl_8\">ici. <\/span><span class=\"_fadeIn_m1hgl_8\">C\u2019est <\/span><span class=\"_fadeIn_m1hgl_8\">un <\/span><span class=\"_fadeIn_m1hgl_8\">lieu <\/span><span class=\"_fadeIn_m1hgl_8\">charmant <\/span><span class=\"_fadeIn_m1hgl_8\">et <\/span><span class=\"_fadeIn_m1hgl_8\">amusant <\/span><span class=\"_fadeIn_m1hgl_8\">pour <\/span><span class=\"_fadeIn_m1hgl_8\">vos <\/span><span class=\"_fadeIn_m1hgl_8\">vacances.<\/span><\/p>\n[\/vc_column_text][\/vc_column][\/vc_row][vc_row full_width=\u00a0\u00bbstretch_row\u00a0\u00bb full_height=\u00a0\u00bbyes\u00a0\u00bb columns_placement=\u00a0\u00bbtop\u00a0\u00bb css=\u00a0\u00bb.vc_custom_1746442306429{background-color: #3793A3 !important;}\u00a0\u00bb el_class=\u00a0\u00bbptd150 ptm50 pbd150 pbm50 plrm_inner_10&Prime; wpex_bg_overlay=\u00a0\u00bbcolor\u00a0\u00bb wpex_bg_overlay_color=\u00a0\u00bb#000000&Prime; wpex_bg_overlay_opacity=\u00a0\u00bb30&Prime;][vc_column css_animation=\u00a0\u00bbnone\u00a0\u00bb width=\u00a0\u00bb1\/2&Prime;][vc_column_text css_animation=\u00a0\u00bbfadeInUp\u00a0\u00bb css=\u00a0\u00bb\u00a0\u00bb]\n<p><\/p>\n<h1>Cinque Terre<\/h1>\n<p><\/p>\n[\/vc_column_text][vc_column_text css_animation=\u00a0\u00bbfadeInUp\u00a0\u00bb css=\u00a0\u00bb.vc_custom_1746441878199{margin-top: 35px !important;}\u00a0\u00bb color=\u00a0\u00bbon-accent\u00a0\u00bb]Les Cinque Terre est le nom donn\u00e9 \u00e0 cinq petits villages situ\u00e9s \u00e0 l\u2019extr\u00e9mit\u00e9 du c\u00f4t\u00e9 Levante (Est) de la Riviera ligure. Cinque signifie \u201cfive\u201d, terre signifie \u201clands\u201d. Les villages du nord au sud sont :<\/p>\n<p>Monterosso al Mare<\/p>\n<p>Vernazza<\/p>\n<p>Corniglia<\/p>\n<p>Manarola<\/p>\n<p>Riomaggiore<\/p>\n<p>Levanto est la ville suivante au nord des Cinque Terre et constitue la porte d\u2019entr\u00e9e de la r\u00e9gion. Le paysage ici est si sp\u00e9cial qu\u2019en 1998 la zone a \u00e9t\u00e9 inscrite au patrimoine mondial sous la protection de l\u2019UNESCO. Un parc naturel et un parc marin ont \u00e9t\u00e9 cr\u00e9\u00e9s pour pr\u00e9server l\u2019environnement.<\/p>\n<p>Les villages sont petits et anciens et sont perch\u00e9s au bord de collines escarp\u00e9es qui descendent jusqu\u2019\u00e0 la mer. Tous, sauf Corniglia, sont proches de la mer. Corniglia est situ\u00e9e sur une falaise \u00e0 environ trois cents m\u00e8tres au-dessus du niveau de la mer. Jusqu\u2019aux ann\u00e9es 1960, ces villages n\u2019\u00e9taient pas accessibles par la route.<\/p>\n<p>Go\u00fbtez le c\u00e9l\u00e8bre vin blanc des Cinque Terre ainsi que le \u201cSciacchetr\u00e0\u201d (un vin de dessert).[\/vc_column_text][\/vc_column][vc_column width=\u00a0\u00bb1\/2&Prime;][vc_single_image image=\u00a0\u00bb485&Prime; css=\u00a0\u00bb\u00a0\u00bb][\/vc_column][\/vc_row]\n<\/div>","protected":false},"excerpt":{"rendered":"<p>[vc_row full_width=\u00a0\u00bbstretch_row\u00a0\u00bb full_height=\u00a0\u00bbyes\u00a0\u00bb columns_placement=\u00a0\u00bbtop\u00a0\u00bb css=\u00a0\u00bb.vc_custom_1746511885450{background-image: url(https:\/\/www.villalapietra.net\/wp-content\/uploads\/2025\/05\/cinque-terre.jpg?id=470) !important;background-position: center !important;background-repeat: no-repeat !important;background-size: cover !important;}\u00a0\u00bb el_class=\u00a0\u00bbptd150 ptm50 pbd150 pbm50&Prime; wpex_bg_overlay=\u00a0\u00bbcolor\u00a0\u00bb wpex_bg_overlay_color=\u00a0\u00bb#000000&Prime; wpex_bg_overlay_opacity=\u00a0\u00bb40&Prime;][vc_column css_animation=\u00a0\u00bbnone\u00a0\u00bb][vc_row_inner el_class=\u00a0\u00bbplrm_inner_10&Prime;][vc_column_inner width=\u00a0\u00bb1\/2&Prime;][vc_column_text css_animation=\u00a0\u00bbfadeInUp\u00a0\u00bb css=\u00a0\u00bb\u00a0\u00bb] Levanto et les Cinque terre &nbsp;[\/vc_column_text][\/vc_column_inner][vc_column_inner width=\u00a0\u00bb1\/2&Prime;][\/vc_column_inner][\/vc_row_inner][\/vc_column][\/vc_row][vc_row full_width=\u00a0\u00bbstretch_row\u00a0\u00bb full_height=\u00a0\u00bbyes\u00a0\u00bb columns_placement=\u00a0\u00bbtop\u00a0\u00bb css=\u00a0\u00bb.vc_custom_1746442239449{background-color: #3793A3 !important;}\u00a0\u00bb el_class=\u00a0\u00bbptd150 ptm50 pbd150 pbm50 plrm_inner_10&Prime;][vc_column width=\u00a0\u00bb1\/2&Prime;][vc_single_image image=\u00a0\u00bb469&Prime; css=\u00a0\u00bb\u00a0\u00bb][\/vc_column][vc_column css_animation=\u00a0\u00bbnone\u00a0\u00bb width=\u00a0\u00bb1\/2&Prime;][vc_column_text css_animation=\u00a0\u00bbfadeInUp\u00a0\u00bb css=\u00a0\u00bb\u00a0\u00bb] Levanto &nbsp;[\/vc_column_text][vc_column_text css_animation=\u00a0\u00bbfadeInUp\u00a0\u00bb css=\u00a0\u00bb.vc_custom_1746441708063{margin-top: 35px&hellip;<\/p>\n","protected":false},"author":2,"featured_media":0,"parent":0,"menu_order":0,"comment_status":"closed","ping_status":"closed","template":"","meta":{"inline_featured_image":false,"footnotes":""},"class_list":["post-790","page","type-page","status-publish","hentry","entry","no-media"],"yoast_head":"<!-- This site is optimized with the Yoast SEO plugin v25.1 - https:\/\/yoast.com\/wordpress\/plugins\/seo\/ -->\n<title>Levanto et les Cinque Terre | Villa La Pietra<\/title>\n<meta name=\"description\" content=\"Venez d\u00e9couvrir Levanto et les Cinque Terre : vues \u00e0 couper le souffle, mer cristalline, sentiers magnifiques et villages charg\u00e9s d\u2019histoire...\" \/>\n<meta name=\"robots\" content=\"index, follow, max-snippet:-1, max-image-preview:large, max-video-preview:-1\" \/>\n<link rel=\"canonical\" href=\"https:\/\/www.villalapietra.net\/fr\/levanto-et-les-cinque-terre\/\" \/>\n<meta property=\"og:locale\" content=\"fr_FR\" \/>\n<meta property=\"og:type\" content=\"article\" \/>\n<meta property=\"og:title\" content=\"Levanto et les Cinque Terre | Villa La Pietra\" \/>\n<meta property=\"og:description\" content=\"Venez d\u00e9couvrir Levanto et les Cinque Terre : vues \u00e0 couper le souffle, mer cristalline, sentiers magnifiques et villages charg\u00e9s d\u2019histoire...\" \/>\n<meta property=\"og:url\" content=\"https:\/\/www.villalapietra.net\/fr\/levanto-et-les-cinque-terre\/\" \/>\n<meta property=\"og:site_name\" content=\"Villa La Pietra\" \/>\n<meta property=\"article:modified_time\" content=\"2025-05-20T10:55:27+00:00\" \/>\n<meta property=\"og:image\" content=\"https:\/\/www.villalapietra.net\/wp-content\/uploads\/2025\/05\/vernazza-225x300.jpg\" \/>\n<meta name=\"twitter:card\" content=\"summary_large_image\" \/>\n<meta name=\"twitter:title\" content=\"Levanto et les Cinque Terre | Villa La Pietra\" \/>\n<meta name=\"twitter:description\" content=\"Venez d\u00e9couvrir Levanto et les Cinque Terre : vues \u00e0 couper le souffle, mer cristalline, sentiers magnifiques et villages charg\u00e9s d\u2019histoire...\" \/>\n<meta name=\"twitter:image\" content=\"https:\/\/www.villalapietra.net\/wp-content\/uploads\/2025\/05\/vernazza-769x1024.jpg\" \/>\n<meta name=\"twitter:label1\" content=\"Dur\u00e9e de lecture estim\u00e9e\" \/>\n\t<meta name=\"twitter:data1\" content=\"3 minutes\" \/>\n<script type=\"application\/ld+json\" class=\"yoast-schema-graph\">{\"@context\":\"https:\/\/schema.org\",\"@graph\":[{\"@type\":\"WebPage\",\"@id\":\"https:\/\/www.villalapietra.net\/fr\/levanto-et-les-cinque-terre\/\",\"url\":\"https:\/\/www.villalapietra.net\/fr\/levanto-et-les-cinque-terre\/\",\"name\":\"Levanto et les Cinque Terre | Villa La Pietra\",\"isPartOf\":{\"@id\":\"https:\/\/www.villalapietra.net\/fr\/#website\"},\"datePublished\":\"2025-04-14T04:50:44+00:00\",\"dateModified\":\"2025-05-20T10:55:27+00:00\",\"description\":\"Venez d\u00e9couvrir Levanto et les Cinque Terre : vues \u00e0 couper le souffle, mer cristalline, sentiers magnifiques et villages charg\u00e9s d\u2019histoire...\",\"breadcrumb\":{\"@id\":\"https:\/\/www.villalapietra.net\/fr\/levanto-et-les-cinque-terre\/#breadcrumb\"},\"inLanguage\":\"fr-FR\",\"potentialAction\":[{\"@type\":\"ReadAction\",\"target\":[\"https:\/\/www.villalapietra.net\/fr\/levanto-et-les-cinque-terre\/\"]}]},{\"@type\":\"BreadcrumbList\",\"@id\":\"https:\/\/www.villalapietra.net\/fr\/levanto-et-les-cinque-terre\/#breadcrumb\",\"itemListElement\":[{\"@type\":\"ListItem\",\"position\":1,\"name\":\"Accueil\",\"item\":\"https:\/\/www.villalapietra.net\/fr\/\"},{\"@type\":\"ListItem\",\"position\":2,\"name\":\"Levanto et les Cinque Terre\"}]},{\"@type\":\"WebSite\",\"@id\":\"https:\/\/www.villalapietra.net\/fr\/#website\",\"url\":\"https:\/\/www.villalapietra.net\/fr\/\",\"name\":\"Villa La Pietra\",\"description\":\"Luxury holiday villa in Cinque Terre\",\"publisher\":{\"@id\":\"https:\/\/www.villalapietra.net\/fr\/#organization\"},\"alternateName\":\"Villa La Pietra\",\"potentialAction\":[{\"@type\":\"SearchAction\",\"target\":{\"@type\":\"EntryPoint\",\"urlTemplate\":\"https:\/\/www.villalapietra.net\/fr\/?s={search_term_string}\"},\"query-input\":{\"@type\":\"PropertyValueSpecification\",\"valueRequired\":true,\"valueName\":\"search_term_string\"}}],\"inLanguage\":\"fr-FR\"},{\"@type\":\"Organization\",\"@id\":\"https:\/\/www.villalapietra.net\/fr\/#organization\",\"name\":\"Villa La Pietra, holiday villa in Levanto Cinque Terre\",\"url\":\"https:\/\/www.villalapietra.net\/fr\/\",\"logo\":{\"@type\":\"ImageObject\",\"inLanguage\":\"fr-FR\",\"@id\":\"https:\/\/www.villalapietra.net\/fr\/#\/schema\/logo\/image\/\",\"url\":\"https:\/\/www.villalapietra.net\/wp-content\/uploads\/2025\/05\/villa-la-pietra-logo.png\",\"contentUrl\":\"https:\/\/www.villalapietra.net\/wp-content\/uploads\/2025\/05\/villa-la-pietra-logo.png\",\"width\":761,\"height\":80,\"caption\":\"Villa La Pietra, holiday villa in Levanto Cinque Terre\"},\"image\":{\"@id\":\"https:\/\/www.villalapietra.net\/fr\/#\/schema\/logo\/image\/\"}}]}<\/script>\n<!-- \/ Yoast SEO plugin. -->","yoast_head_json":{"title":"Levanto et les Cinque Terre | Villa La Pietra","description":"Venez d\u00e9couvrir Levanto et les Cinque Terre : vues \u00e0 couper le souffle, mer cristalline, sentiers magnifiques et villages charg\u00e9s d\u2019histoire...","robots":{"index":"index","follow":"follow","max-snippet":"max-snippet:-1","max-image-preview":"max-image-preview:large","max-video-preview":"max-video-preview:-1"},"canonical":"https:\/\/www.villalapietra.net\/fr\/levanto-et-les-cinque-terre\/","og_locale":"fr_FR","og_type":"article","og_title":"Levanto et les Cinque Terre | Villa La Pietra","og_description":"Venez d\u00e9couvrir Levanto et les Cinque Terre : vues \u00e0 couper le souffle, mer cristalline, sentiers magnifiques et villages charg\u00e9s d\u2019histoire...","og_url":"https:\/\/www.villalapietra.net\/fr\/levanto-et-les-cinque-terre\/","og_site_name":"Villa La Pietra","article_modified_time":"2025-05-20T10:55:27+00:00","og_image":[{"url":"https:\/\/www.villalapietra.net\/wp-content\/uploads\/2025\/05\/vernazza-225x300.jpg","type":"","width":"","height":""}],"twitter_card":"summary_large_image","twitter_title":"Levanto et les Cinque Terre | Villa La Pietra","twitter_description":"Venez d\u00e9couvrir Levanto et les Cinque Terre : vues \u00e0 couper le souffle, mer cristalline, sentiers magnifiques et villages charg\u00e9s d\u2019histoire...","twitter_image":"https:\/\/www.villalapietra.net\/wp-content\/uploads\/2025\/05\/vernazza-769x1024.jpg","twitter_misc":{"Dur\u00e9e de lecture estim\u00e9e":"3 minutes"},"schema":{"@context":"https:\/\/schema.org","@graph":[{"@type":"WebPage","@id":"https:\/\/www.villalapietra.net\/fr\/levanto-et-les-cinque-terre\/","url":"https:\/\/www.villalapietra.net\/fr\/levanto-et-les-cinque-terre\/","name":"Levanto et les Cinque Terre | Villa La Pietra","isPartOf":{"@id":"https:\/\/www.villalapietra.net\/fr\/#website"},"datePublished":"2025-04-14T04:50:44+00:00","dateModified":"2025-05-20T10:55:27+00:00","description":"Venez d\u00e9couvrir Levanto et les Cinque Terre : vues \u00e0 couper le souffle, mer cristalline, sentiers magnifiques et villages charg\u00e9s d\u2019histoire...","breadcrumb":{"@id":"https:\/\/www.villalapietra.net\/fr\/levanto-et-les-cinque-terre\/#breadcrumb"},"inLanguage":"fr-FR","potentialAction":[{"@type":"ReadAction","target":["https:\/\/www.villalapietra.net\/fr\/levanto-et-les-cinque-terre\/"]}]},{"@type":"BreadcrumbList","@id":"https:\/\/www.villalapietra.net\/fr\/levanto-et-les-cinque-terre\/#breadcrumb","itemListElement":[{"@type":"ListItem","position":1,"name":"Accueil","item":"https:\/\/www.villalapietra.net\/fr\/"},{"@type":"ListItem","position":2,"name":"Levanto et les Cinque Terre"}]},{"@type":"WebSite","@id":"https:\/\/www.villalapietra.net\/fr\/#website","url":"https:\/\/www.villalapietra.net\/fr\/","name":"Villa La Pietra","description":"Luxury holiday villa in Cinque Terre","publisher":{"@id":"https:\/\/www.villalapietra.net\/fr\/#organization"},"alternateName":"Villa La Pietra","potentialAction":[{"@type":"SearchAction","target":{"@type":"EntryPoint","urlTemplate":"https:\/\/www.villalapietra.net\/fr\/?s={search_term_string}"},"query-input":{"@type":"PropertyValueSpecification","valueRequired":true,"valueName":"search_term_string"}}],"inLanguage":"fr-FR"},{"@type":"Organization","@id":"https:\/\/www.villalapietra.net\/fr\/#organization","name":"Villa La Pietra, holiday villa in Levanto Cinque Terre","url":"https:\/\/www.villalapietra.net\/fr\/","logo":{"@type":"ImageObject","inLanguage":"fr-FR","@id":"https:\/\/www.villalapietra.net\/fr\/#\/schema\/logo\/image\/","url":"https:\/\/www.villalapietra.net\/wp-content\/uploads\/2025\/05\/villa-la-pietra-logo.png","contentUrl":"https:\/\/www.villalapietra.net\/wp-content\/uploads\/2025\/05\/villa-la-pietra-logo.png","width":761,"height":80,"caption":"Villa La Pietra, holiday villa in Levanto Cinque Terre"},"image":{"@id":"https:\/\/www.villalapietra.net\/fr\/#\/schema\/logo\/image\/"}}]}},"_links":{"self":[{"href":"https:\/\/www.villalapietra.net\/fr\/wp-json\/wp\/v2\/pages\/790","targetHints":{"allow":["GET"]}}],"collection":[{"href":"https:\/\/www.villalapietra.net\/fr\/wp-json\/wp\/v2\/pages"}],"about":[{"href":"https:\/\/www.villalapietra.net\/fr\/wp-json\/wp\/v2\/types\/page"}],"author":[{"embeddable":true,"href":"https:\/\/www.villalapietra.net\/fr\/wp-json\/wp\/v2\/users\/2"}],"replies":[{"embeddable":true,"href":"https:\/\/www.villalapietra.net\/fr\/wp-json\/wp\/v2\/comments?post=790"}],"version-history":[{"count":2,"href":"https:\/\/www.villalapietra.net\/fr\/wp-json\/wp\/v2\/pages\/790\/revisions"}],"predecessor-version":[{"id":792,"href":"https:\/\/www.villalapietra.net\/fr\/wp-json\/wp\/v2\/pages\/790\/revisions\/792"}],"wp:attachment":[{"href":"https:\/\/www.villalapietra.net\/fr\/wp-json\/wp\/v2\/media?parent=790"}],"curies":[{"name":"wp","href":"https:\/\/api.w.org\/{rel}","templated":true}]}}