{"id":769,"date":"2025-04-14T06:50:44","date_gmt":"2025-04-14T04:50:44","guid":{"rendered":"https:\/\/www.villalapietra.net\/levanto-e-le-cinque-terre\/"},"modified":"2025-05-20T12:01:10","modified_gmt":"2025-05-20T10:01:10","slug":"levanto-e-le-cinque-terre","status":"publish","type":"page","link":"https:\/\/www.villalapietra.net\/it\/levanto-e-le-cinque-terre\/","title":{"rendered":"Levanto e le Cinque Terre"},"content":{"rendered":"<div class=\"wpb-content-wrapper\">[vc_row full_width=&#8221;stretch_row&#8221; full_height=&#8221;yes&#8221; columns_placement=&#8221;top&#8221; css=&#8221;.vc_custom_1746511885450{background-image: url(https:\/\/www.villalapietra.net\/wp-content\/uploads\/2025\/05\/cinque-terre.jpg?id=470) !important;background-position: center !important;background-repeat: no-repeat !important;background-size: cover !important;}&#8221; el_class=&#8221;ptd150 ptm50 pbd150 pbm50&#8243; wpex_bg_overlay=&#8221;color&#8221; wpex_bg_overlay_color=&#8221;#000000&#8243; wpex_bg_overlay_opacity=&#8221;40&#8243;][vc_column css_animation=&#8221;none&#8221;][vc_row_inner el_class=&#8221;plrm_inner_10&#8243;][vc_column_inner width=&#8221;1\/2&#8243;][vc_column_text css_animation=&#8221;fadeInUp&#8221; css=&#8221;&#8221;]\n<h1>Levantoe le Cinque Terre<\/h1>\n[\/vc_column_text][\/vc_column_inner][vc_column_inner width=&#8221;1\/2&#8243;][\/vc_column_inner][\/vc_row_inner][\/vc_column][\/vc_row][vc_row full_width=&#8221;stretch_row&#8221; full_height=&#8221;yes&#8221; columns_placement=&#8221;top&#8221; css=&#8221;.vc_custom_1746442239449{background-color: #3793A3 !important;}&#8221; el_class=&#8221;ptd150 ptm50 pbd150 pbm50 plrm_inner_10&#8243;][vc_column width=&#8221;1\/2&#8243;][vc_single_image image=&#8221;469&#8243; css=&#8221;&#8221;][\/vc_column][vc_column css_animation=&#8221;none&#8221; width=&#8221;1\/2&#8243;][vc_column_text css_animation=&#8221;fadeInUp&#8221; css=&#8221;&#8221;]\n<p><\/p>\n<h1>Levanto<\/h1>\n<p><\/p>\n[\/vc_column_text][vc_column_text css_animation=&#8221;fadeInUp&#8221; css=&#8221;.vc_custom_1746441708063{margin-top: 35px !important;}&#8221; color=&#8221;on-accent&#8221;]Levanto \u00e8 una citt\u00e0 pi\u00f9 grande e pi\u00f9 vivace rispetto ai villaggi delle Cinque Terre ed \u00e8 una base migliore per i viaggiatori. Puoi facilmente entrare e uscire da Levanto in auto e sei <strong>collegato ai villaggi delle Cinque Terre<\/strong> in treno. Puoi anche raggiungere molte altre citt\u00e0 liguri in treno.<\/p>\n<p>A Levanto ci sono pi\u00f9 di quindici <strong>ristoranti di alta qualit\u00e0 e molti negozi<\/strong>. La nostra piazza ospita un mercato settimanale all\u2019aperto frequentato da persone provenienti da vicino e da lontano. La popolazione di Levanto \u00e8 di circa 5.000. Poich\u00e9 ci sono solo poche centinaia di camere disponibili per i turisti, Levanto non perde mai il suo fascino e la sua intimit\u00e0, indipendentemente da quando scegli di visitarla.<\/p>\n<p>Levanto offre castelli, giardini pubblici e un\u2019architettura incredibile. Le chiese storiche suonano le campane per segnare le ore del giorno.<\/p>\n<p>Ci sono molte <strong>attivit\u00e0 all\u2019aperto<\/strong> disponibili: tennis, immersioni subacquee, surf, noleggio biciclette, pedal\u00f2. Levanto ha spiagge sabbiose e una piscina (che si affaccia sul Mediterraneo per chi ama il sole). Puoi fare passeggiate o escursioni nelle nostre magnifiche montagne direttamente dal paese.<\/p>\n<p>Con tutto quello che ha da offrire, Levanto si muove ancora lentamente e poche persone hanno mai fretta qui. \u00c8 una localit\u00e0 affascinante e divertente per le tue vacanze.[\/vc_column_text][\/vc_column][\/vc_row][vc_row full_width=&#8221;stretch_row&#8221; full_height=&#8221;yes&#8221; columns_placement=&#8221;top&#8221; css=&#8221;.vc_custom_1746442306429{background-color: #3793A3 !important;}&#8221; el_class=&#8221;ptd150 ptm50 pbd150 pbm50 plrm_inner_10&#8243; wpex_bg_overlay=&#8221;color&#8221; wpex_bg_overlay_color=&#8221;#000000&#8243; wpex_bg_overlay_opacity=&#8221;30&#8243;][vc_column css_animation=&#8221;none&#8221; width=&#8221;1\/2&#8243;][vc_column_text css_animation=&#8221;fadeInUp&#8221; css=&#8221;&#8221;]\n<p><\/p>\n<h1>Cinque Terre<\/h1>\n<p><\/p>\n[\/vc_column_text][vc_column_text css_animation=&#8221;fadeInUp&#8221; css=&#8221;.vc_custom_1746441878199{margin-top: 35px !important;}&#8221; color=&#8221;on-accent&#8221;]Le Cinque Terre \u00e8 il nome dato a cinque piccoli villaggi all\u2019estremit\u00e0 del lato di Levante (est) della Riviera Ligure.<br \/>I villaggi da nord a sud sono:<\/p>\n<p>Monterosso al Mare<\/p>\n<p>Vernazza<\/p>\n<p>Corniglia<\/p>\n<p>Manarola<\/p>\n<p>Riomaggiore<\/p>\n<p>Levanto \u00e8 la citt\u00e0 successiva a nord delle Cinque Terre ed \u00e8 la porta d\u2019ingresso alla regione. Il paesaggio qui \u00e8 cos\u00ec speciale che nel 1998 l\u2019area \u00e8 stata dichiarata patrimonio mondiale sotto la protezione dell\u2019UNESCO. \u00c8 stato creato un parco naturale e un parco marino per preservare l\u2019ambiente.<\/p>\n<p>I villaggi sono piccoli e antichi e sono arroccati sul bordo di ripide colline che scendono fino al mare. Tutti, tranne Corniglia, sono vicini al mare. Corniglia si trova su una scogliera a circa trecento metri sopra il livello del mare. Fino agli anni \u201960, questi villaggi non erano accessibili in auto.<\/p>\n<p>Prova il famoso vino bianco delle Cinque Terre cos\u00ec come lo \u201cSciacchetr\u00e0\u201d (un vino da dessert).[\/vc_column_text][\/vc_column][vc_column width=&#8221;1\/2&#8243;][vc_single_image image=&#8221;485&#8243; css=&#8221;&#8221;][\/vc_column][\/vc_row]\n<\/div>","protected":false},"excerpt":{"rendered":"<p>[vc_row full_width=&#8221;stretch_row&#8221; full_height=&#8221;yes&#8221; columns_placement=&#8221;top&#8221; css=&#8221;.vc_custom_1746511885450{background-image: url(https:\/\/www.villalapietra.net\/wp-content\/uploads\/2025\/05\/cinque-terre.jpg?id=470) !important;background-position: center !important;background-repeat: no-repeat !important;background-size: cover !important;}&#8221; el_class=&#8221;ptd150 ptm50 pbd150 pbm50&#8243; wpex_bg_overlay=&#8221;color&#8221; wpex_bg_overlay_color=&#8221;#000000&#8243; wpex_bg_overlay_opacity=&#8221;40&#8243;][vc_column css_animation=&#8221;none&#8221;][vc_row_inner el_class=&#8221;plrm_inner_10&#8243;][vc_column_inner width=&#8221;1\/2&#8243;][vc_column_text css_animation=&#8221;fadeInUp&#8221; css=&#8221;&#8221;] Levantoe le Cinque Terre [\/vc_column_text][\/vc_column_inner][vc_column_inner width=&#8221;1\/2&#8243;][\/vc_column_inner][\/vc_row_inner][\/vc_column][\/vc_row][vc_row full_width=&#8221;stretch_row&#8221; full_height=&#8221;yes&#8221; columns_placement=&#8221;top&#8221; css=&#8221;.vc_custom_1746442239449{background-color: #3793A3 !important;}&#8221; el_class=&#8221;ptd150 ptm50 pbd150 pbm50 plrm_inner_10&#8243;][vc_column width=&#8221;1\/2&#8243;][vc_single_image image=&#8221;469&#8243; css=&#8221;&#8221;][\/vc_column][vc_column css_animation=&#8221;none&#8221; width=&#8221;1\/2&#8243;][vc_column_text css_animation=&#8221;fadeInUp&#8221; css=&#8221;&#8221;] Levanto [\/vc_column_text][vc_column_text css_animation=&#8221;fadeInUp&#8221; css=&#8221;.vc_custom_1746441708063{margin-top: 35px !important;}&#8221;&hellip;<\/p>\n","protected":false},"author":2,"featured_media":0,"parent":0,"menu_order":0,"comment_status":"closed","ping_status":"closed","template":"","meta":{"inline_featured_image":false,"footnotes":""},"class_list":["post-769","page","type-page","status-publish","hentry","entry","no-media"],"yoast_head":"<!-- This site is optimized with the Yoast SEO plugin v25.1 - https:\/\/yoast.com\/wordpress\/plugins\/seo\/ -->\n<title>Levanto e le Cinque Terre | Villa La Pietra<\/title>\n<meta name=\"description\" content=\"Vieni a scoprire Levanto e le Cinque Terre: panorami mozzafiato, mare limpido, sentieri spettacolari e borghi autentici ricchi di storia...\" \/>\n<meta name=\"robots\" content=\"index, follow, max-snippet:-1, max-image-preview:large, max-video-preview:-1\" \/>\n<link rel=\"canonical\" href=\"https:\/\/www.villalapietra.net\/it\/levanto-e-le-cinque-terre\/\" \/>\n<meta property=\"og:locale\" content=\"it_IT\" \/>\n<meta property=\"og:type\" content=\"article\" \/>\n<meta property=\"og:title\" content=\"Levanto e le Cinque Terre | Villa La Pietra\" \/>\n<meta property=\"og:description\" content=\"Vieni a scoprire Levanto e le Cinque Terre: panorami mozzafiato, mare limpido, sentieri spettacolari e borghi autentici ricchi di storia...\" \/>\n<meta property=\"og:url\" content=\"https:\/\/www.villalapietra.net\/it\/levanto-e-le-cinque-terre\/\" \/>\n<meta property=\"og:site_name\" content=\"Villa La Pietra\" \/>\n<meta property=\"article:modified_time\" content=\"2025-05-20T10:01:10+00:00\" \/>\n<meta property=\"og:image\" content=\"https:\/\/www.villalapietra.net\/wp-content\/uploads\/2025\/05\/vernazza-225x300.jpg\" \/>\n<meta name=\"twitter:card\" content=\"summary_large_image\" \/>\n<meta name=\"twitter:title\" content=\"Levanto e le Cinque Terre | Villa La Pietra\" \/>\n<meta name=\"twitter:description\" content=\"Vieni a scoprire Levanto e le Cinque Terre: panorami mozzafiato, mare limpido, sentieri spettacolari e borghi autentici ricchi di storia...\" \/>\n<meta name=\"twitter:image\" content=\"https:\/\/www.villalapietra.net\/wp-content\/uploads\/2025\/05\/vernazza-769x1024.jpg\" \/>\n<meta name=\"twitter:label1\" content=\"Tempo di lettura stimato\" \/>\n\t<meta name=\"twitter:data1\" content=\"3 minuti\" \/>\n<script type=\"application\/ld+json\" class=\"yoast-schema-graph\">{\"@context\":\"https:\/\/schema.org\",\"@graph\":[{\"@type\":\"WebPage\",\"@id\":\"https:\/\/www.villalapietra.net\/it\/levanto-e-le-cinque-terre\/\",\"url\":\"https:\/\/www.villalapietra.net\/it\/levanto-e-le-cinque-terre\/\",\"name\":\"Levanto e le Cinque Terre | Villa La Pietra\",\"isPartOf\":{\"@id\":\"https:\/\/www.villalapietra.net\/it\/#website\"},\"datePublished\":\"2025-04-14T04:50:44+00:00\",\"dateModified\":\"2025-05-20T10:01:10+00:00\",\"description\":\"Vieni a scoprire Levanto e le Cinque Terre: panorami mozzafiato, mare limpido, sentieri spettacolari e borghi autentici ricchi di storia...\",\"breadcrumb\":{\"@id\":\"https:\/\/www.villalapietra.net\/it\/levanto-e-le-cinque-terre\/#breadcrumb\"},\"inLanguage\":\"it-IT\",\"potentialAction\":[{\"@type\":\"ReadAction\",\"target\":[\"https:\/\/www.villalapietra.net\/it\/levanto-e-le-cinque-terre\/\"]}]},{\"@type\":\"BreadcrumbList\",\"@id\":\"https:\/\/www.villalapietra.net\/it\/levanto-e-le-cinque-terre\/#breadcrumb\",\"itemListElement\":[{\"@type\":\"ListItem\",\"position\":1,\"name\":\"Home\",\"item\":\"https:\/\/www.villalapietra.net\/it\/\"},{\"@type\":\"ListItem\",\"position\":2,\"name\":\"Levanto e le Cinque Terre\"}]},{\"@type\":\"WebSite\",\"@id\":\"https:\/\/www.villalapietra.net\/it\/#website\",\"url\":\"https:\/\/www.villalapietra.net\/it\/\",\"name\":\"Villa La Pietra\",\"description\":\"Luxury holiday villa in Cinque Terre\",\"publisher\":{\"@id\":\"https:\/\/www.villalapietra.net\/it\/#organization\"},\"alternateName\":\"Villa La Pietra\",\"potentialAction\":[{\"@type\":\"SearchAction\",\"target\":{\"@type\":\"EntryPoint\",\"urlTemplate\":\"https:\/\/www.villalapietra.net\/it\/?s={search_term_string}\"},\"query-input\":{\"@type\":\"PropertyValueSpecification\",\"valueRequired\":true,\"valueName\":\"search_term_string\"}}],\"inLanguage\":\"it-IT\"},{\"@type\":\"Organization\",\"@id\":\"https:\/\/www.villalapietra.net\/it\/#organization\",\"name\":\"Villa La Pietra, holiday villa in Levanto Cinque Terre\",\"url\":\"https:\/\/www.villalapietra.net\/it\/\",\"logo\":{\"@type\":\"ImageObject\",\"inLanguage\":\"it-IT\",\"@id\":\"https:\/\/www.villalapietra.net\/it\/#\/schema\/logo\/image\/\",\"url\":\"https:\/\/www.villalapietra.net\/wp-content\/uploads\/2025\/05\/villa-la-pietra-logo.png\",\"contentUrl\":\"https:\/\/www.villalapietra.net\/wp-content\/uploads\/2025\/05\/villa-la-pietra-logo.png\",\"width\":761,\"height\":80,\"caption\":\"Villa La Pietra, holiday villa in Levanto Cinque Terre\"},\"image\":{\"@id\":\"https:\/\/www.villalapietra.net\/it\/#\/schema\/logo\/image\/\"}}]}<\/script>\n<!-- \/ Yoast SEO plugin. -->","yoast_head_json":{"title":"Levanto e le Cinque Terre | Villa La Pietra","description":"Vieni a scoprire Levanto e le Cinque Terre: panorami mozzafiato, mare limpido, sentieri spettacolari e borghi autentici ricchi di storia...","robots":{"index":"index","follow":"follow","max-snippet":"max-snippet:-1","max-image-preview":"max-image-preview:large","max-video-preview":"max-video-preview:-1"},"canonical":"https:\/\/www.villalapietra.net\/it\/levanto-e-le-cinque-terre\/","og_locale":"it_IT","og_type":"article","og_title":"Levanto e le Cinque Terre | Villa La Pietra","og_description":"Vieni a scoprire Levanto e le Cinque Terre: panorami mozzafiato, mare limpido, sentieri spettacolari e borghi autentici ricchi di storia...","og_url":"https:\/\/www.villalapietra.net\/it\/levanto-e-le-cinque-terre\/","og_site_name":"Villa La Pietra","article_modified_time":"2025-05-20T10:01:10+00:00","og_image":[{"url":"https:\/\/www.villalapietra.net\/wp-content\/uploads\/2025\/05\/vernazza-225x300.jpg","type":"","width":"","height":""}],"twitter_card":"summary_large_image","twitter_title":"Levanto e le Cinque Terre | Villa La Pietra","twitter_description":"Vieni a scoprire Levanto e le Cinque Terre: panorami mozzafiato, mare limpido, sentieri spettacolari e borghi autentici ricchi di storia...","twitter_image":"https:\/\/www.villalapietra.net\/wp-content\/uploads\/2025\/05\/vernazza-769x1024.jpg","twitter_misc":{"Tempo di lettura stimato":"3 minuti"},"schema":{"@context":"https:\/\/schema.org","@graph":[{"@type":"WebPage","@id":"https:\/\/www.villalapietra.net\/it\/levanto-e-le-cinque-terre\/","url":"https:\/\/www.villalapietra.net\/it\/levanto-e-le-cinque-terre\/","name":"Levanto e le Cinque Terre | Villa La Pietra","isPartOf":{"@id":"https:\/\/www.villalapietra.net\/it\/#website"},"datePublished":"2025-04-14T04:50:44+00:00","dateModified":"2025-05-20T10:01:10+00:00","description":"Vieni a scoprire Levanto e le Cinque Terre: panorami mozzafiato, mare limpido, sentieri spettacolari e borghi autentici ricchi di storia...","breadcrumb":{"@id":"https:\/\/www.villalapietra.net\/it\/levanto-e-le-cinque-terre\/#breadcrumb"},"inLanguage":"it-IT","potentialAction":[{"@type":"ReadAction","target":["https:\/\/www.villalapietra.net\/it\/levanto-e-le-cinque-terre\/"]}]},{"@type":"BreadcrumbList","@id":"https:\/\/www.villalapietra.net\/it\/levanto-e-le-cinque-terre\/#breadcrumb","itemListElement":[{"@type":"ListItem","position":1,"name":"Home","item":"https:\/\/www.villalapietra.net\/it\/"},{"@type":"ListItem","position":2,"name":"Levanto e le Cinque Terre"}]},{"@type":"WebSite","@id":"https:\/\/www.villalapietra.net\/it\/#website","url":"https:\/\/www.villalapietra.net\/it\/","name":"Villa La Pietra","description":"Luxury holiday villa in Cinque Terre","publisher":{"@id":"https:\/\/www.villalapietra.net\/it\/#organization"},"alternateName":"Villa La Pietra","potentialAction":[{"@type":"SearchAction","target":{"@type":"EntryPoint","urlTemplate":"https:\/\/www.villalapietra.net\/it\/?s={search_term_string}"},"query-input":{"@type":"PropertyValueSpecification","valueRequired":true,"valueName":"search_term_string"}}],"inLanguage":"it-IT"},{"@type":"Organization","@id":"https:\/\/www.villalapietra.net\/it\/#organization","name":"Villa La Pietra, holiday villa in Levanto Cinque Terre","url":"https:\/\/www.villalapietra.net\/it\/","logo":{"@type":"ImageObject","inLanguage":"it-IT","@id":"https:\/\/www.villalapietra.net\/it\/#\/schema\/logo\/image\/","url":"https:\/\/www.villalapietra.net\/wp-content\/uploads\/2025\/05\/villa-la-pietra-logo.png","contentUrl":"https:\/\/www.villalapietra.net\/wp-content\/uploads\/2025\/05\/villa-la-pietra-logo.png","width":761,"height":80,"caption":"Villa La Pietra, holiday villa in Levanto Cinque Terre"},"image":{"@id":"https:\/\/www.villalapietra.net\/it\/#\/schema\/logo\/image\/"}}]}},"_links":{"self":[{"href":"https:\/\/www.villalapietra.net\/it\/wp-json\/wp\/v2\/pages\/769","targetHints":{"allow":["GET"]}}],"collection":[{"href":"https:\/\/www.villalapietra.net\/it\/wp-json\/wp\/v2\/pages"}],"about":[{"href":"https:\/\/www.villalapietra.net\/it\/wp-json\/wp\/v2\/types\/page"}],"author":[{"embeddable":true,"href":"https:\/\/www.villalapietra.net\/it\/wp-json\/wp\/v2\/users\/2"}],"replies":[{"embeddable":true,"href":"https:\/\/www.villalapietra.net\/it\/wp-json\/wp\/v2\/comments?post=769"}],"version-history":[{"count":2,"href":"https:\/\/www.villalapietra.net\/it\/wp-json\/wp\/v2\/pages\/769\/revisions"}],"predecessor-version":[{"id":771,"href":"https:\/\/www.villalapietra.net\/it\/wp-json\/wp\/v2\/pages\/769\/revisions\/771"}],"wp:attachment":[{"href":"https:\/\/www.villalapietra.net\/it\/wp-json\/wp\/v2\/media?parent=769"}],"curies":[{"name":"wp","href":"https:\/\/api.w.org\/{rel}","templated":true}]}}